{"id":2214,"date":"2022-03-24T16:45:59","date_gmt":"2022-03-24T13:45:59","guid":{"rendered":"https:\/\/www.therman.gr\/product\/slim-fan-coil-innova-airleaf-sl-1000\/"},"modified":"2023-03-08T19:08:14","modified_gmt":"2023-03-08T16:08:14","slug":"slim-fan-coil-innova-airleaf-sl-1000","status":"publish","type":"product","link":"https:\/\/www.therman.gr\/en\/product\/slim-fan-coil-innova-airleaf-sl-1000\/","title":{"rendered":"Slim Fan Coil INNOVA AIRLEAF SL 1000"},"content":{"rendered":"<p>Fan Coil INNOVA DC Inverter Slim<br \/>\nThe particular thinness of the device is due to the innovative placement of the fan and its element. The fan is tangential flow with asymmetric fins, while the element has an extended frontal surface allowing large air flows, with low pressure loss and low noise level. Perfect ventilation performance requires less energy from the motor (low power). The fan speed is continuously variable by the PI logic controller, with undoubted advantages in regulating temperature and humidity in the summer season. The series has models for the floor, recessed in the wall or in the false ceiling. Their reduced thickness allows harmonious assimilation in any environment. A little more than 13cm depth is enough for their placement, much less than the competition models.<br \/>\nFull range of accessories including:<br \/>\nElectronic PID controller (for local or remote control with MODBUS communication protocol)<br \/>\n4-speed electronic controller<br \/>\nControl up to 6 speeds with standard thermostats<br \/>\nSet with 2-way and 3-way valves with on\/off or analog motor<br \/>\nLegs for covering pipes for floor installation<br \/>\nBuilt-in box and louvered cover for built-ins<br \/>\nAll series are DC Inverter.<br \/>\nOnly 13cm deep.<br \/>\nFull range for every need.<br \/>\nExcellent design, oriented towards installation in domestic applications.<br \/>\nEasy handling with a multitude of options from controls, with every possible function and automation.<br \/>\nAll Innova visible Fan Coil Airleafs can be made to order and for a special charge in any RAL color, with a charge per color and not per piece.<br \/>\nSpecifications:<br \/>\nEfficiency in heating with water at 50 \u00b0C: 4860 Watt<br \/>\nEfficiency in heating with water at 70 \u00b0C: 8300 Watt<br \/>\nTotal cooling performance: 3800 Watt<br \/>\nPerceptible cooling performance: 3010 Watt<br \/>\nNominal air flow (HxDxD): (648\/494\/426) m\u00b3\/h<br \/>\nNoise level (Y-M-X-S.P):(43.9-37.6-27.6-23.8) dB(A)<br \/>\nDiast\u00e1seis (MxYxV): 1535\u00d7579\u00d7129 mm (To \u00fdpsos e\u00ednai chor\u00eds ta podar\u00e1kia) 70 \/ 5.000 \u0391\u03c0\u03bf\u03c4\u03b5\u03bb\u03ad\u03c3\u03bc\u03b1\u03c4\u03b1 \u03bc\u03b5\u03c4\u03ac\u03c6\u03c1\u03b1\u03c3\u03b7\u03c2 Dimensions (LxHxD): 1535\u00d7579\u00d7129 mm (The height is without the legs)<br \/>\nNet Weight: 29 kg<br \/>\nFan coils do not include condensate pan when for horizontal installation.<br \/>\nThe series is also available in models for a four-tube system.<br \/>\nThe price does not include:<br \/>\nThe controller<br \/>\nFeet for covering pipes from the floor<br \/>\nFeet for supporting the fan coil on the floor<br \/>\nConversion kit of the fan coil from &#8220;left&#8221; to &#8220;right&#8221;.<\/p>\n","protected":false},"excerpt":{"rendered":"<div class=\"entry-summary\">\nFan Coil INNOVA DC Inverter Slim The particular thinness of the device is due to the innovative placement of the fan and its element. The fan is tangential flow with asymmetric fins, while the element has an extended frontal surface&hellip;\n<\/div>\n","protected":false},"featured_media":2113,"template":"","meta":[],"product_cat":[80,81],"product_tag":[],"class_list":["post-2214","product","type-product","status-publish","has-post-thumbnail","hentry","product_cat-air-conditioning","product_cat-fan-coil-en","product_shipping_class-transportation-company","entry","entry-type-product"],"_links":{"self":[{"href":"https:\/\/www.therman.gr\/en\/wp-json\/wp\/v2\/product\/2214","targetHints":{"allow":["GET"]}}],"collection":[{"href":"https:\/\/www.therman.gr\/en\/wp-json\/wp\/v2\/product"}],"about":[{"href":"https:\/\/www.therman.gr\/en\/wp-json\/wp\/v2\/types\/product"}],"wp:featuredmedia":[{"embeddable":true,"href":"https:\/\/www.therman.gr\/en\/wp-json\/wp\/v2\/media\/2113"}],"wp:attachment":[{"href":"https:\/\/www.therman.gr\/en\/wp-json\/wp\/v2\/media?parent=2214"}],"wp:term":[{"taxonomy":"product_cat","embeddable":true,"href":"https:\/\/www.therman.gr\/en\/wp-json\/wp\/v2\/product_cat?post=2214"},{"taxonomy":"product_tag","embeddable":true,"href":"https:\/\/www.therman.gr\/en\/wp-json\/wp\/v2\/product_tag?post=2214"}],"curies":[{"name":"wp","href":"https:\/\/api.w.org\/{rel}","templated":true}]}}